{"id":9877,"date":"2020-07-28T10:52:02","date_gmt":"2020-07-28T09:52:02","guid":{"rendered":"https:\/\/www.bio-sistemak.eus\/?page_id=9877"},"modified":"2026-01-29T09:24:50","modified_gmt":"2026-01-29T08:24:50","slug":"other-projects","status":"publish","type":"page","link":"https:\/\/www.bio-sistemak.eus\/en\/other-projects\/","title":{"rendered":"Other projects"},"content":{"rendered":"<div class=\"fusion-fullwidth fullwidth-box fusion-builder-row-1 fusion-flex-container nonhundred-percent-fullwidth non-hundred-percent-height-scrolling\" style=\"--awb-border-radius-top-left:0px;--awb-border-radius-top-right:0px;--awb-border-radius-bottom-right:0px;--awb-border-radius-bottom-left:0px;--awb-flex-wrap:wrap;\" ><div class=\"fusion-builder-row fusion-row fusion-flex-align-items-stretch fusion-flex-content-wrap\" style=\"max-width:1404px;margin-left: calc(-4% \/ 2 );margin-right: calc(-4% \/ 2 );\"><div class=\"fusion-layout-column fusion_builder_column fusion-builder-column-0 fusion_builder_column_1_3 1_3 fusion-flex-column\" style=\"--awb-padding-top:30px;--awb-padding-right:30px;--awb-padding-bottom:20px;--awb-padding-left:30px;--awb-bg-color:var(--awb-color2);--awb-bg-color-hover:var(--awb-color2);--awb-bg-size:cover;--awb-width-large:33.333333333333%;--awb-margin-top-large:0px;--awb-spacing-right-large:5.76%;--awb-margin-bottom-large:20px;--awb-spacing-left-large:5.76%;--awb-width-medium:33.333333333333%;--awb-spacing-right-medium:5.76%;--awb-spacing-left-medium:5.76%;--awb-width-small:100%;--awb-spacing-right-small:1.92%;--awb-spacing-left-small:1.92%;\"><div class=\"fusion-column-wrapper fusion-flex-justify-content-flex-start fusion-content-layout-column\"><div class=\"fusion-image-element \" style=\"--awb-caption-title-font-family:var(--h2_typography-font-family);--awb-caption-title-font-weight:var(--h2_typography-font-weight);--awb-caption-title-font-style:var(--h2_typography-font-style);--awb-caption-title-size:var(--h2_typography-font-size);--awb-caption-title-transform:var(--h2_typography-text-transform);--awb-caption-title-line-height:var(--h2_typography-line-height);--awb-caption-title-letter-spacing:var(--h2_typography-letter-spacing);\"><span class=\" fusion-imageframe imageframe-none imageframe-1 hover-type-none\"><img decoding=\"async\" width=\"844\" height=\"309\" title=\"logo-comunidad-europea-VOICE-Kronikgune\" src=\"http:\/\/www.bio-sistemak.eus\/wp-content\/uploads\/2020\/07\/logo-comunidad-europea-VOICE-Kronikgune.png\" alt class=\"img-responsive wp-image-9868\" srcset=\"https:\/\/www.bio-sistemak.eus\/wp-content\/uploads\/2020\/07\/logo-comunidad-europea-VOICE-Kronikgune-200x73.png 200w, https:\/\/www.bio-sistemak.eus\/wp-content\/uploads\/2020\/07\/logo-comunidad-europea-VOICE-Kronikgune-400x146.png 400w, https:\/\/www.bio-sistemak.eus\/wp-content\/uploads\/2020\/07\/logo-comunidad-europea-VOICE-Kronikgune-600x220.png 600w, https:\/\/www.bio-sistemak.eus\/wp-content\/uploads\/2020\/07\/logo-comunidad-europea-VOICE-Kronikgune-800x293.png 800w, https:\/\/www.bio-sistemak.eus\/wp-content\/uploads\/2020\/07\/logo-comunidad-europea-VOICE-Kronikgune.png 844w\" sizes=\"(max-width: 640px) 100vw, 400px\" \/><\/span><\/div><div class=\"fusion-title title fusion-title-1 fusion-sep-none fusion-title-center fusion-title-text fusion-title-size-three\" style=\"--awb-text-color:var(--awb-color8);--awb-margin-top-small:10px;--awb-margin-right-small:0px;--awb-margin-bottom-small:10px;--awb-margin-left-small:0px;\"><h3 class=\"fusion-title-heading title-heading-center fusion-responsive-typography-calculated\" style=\"margin:0;--fontSize:32;line-height:1.09;\">VOICE<\/h3><\/div><div class=\"fusion-text fusion-text-1\" style=\"--awb-text-color:var(--awb-color4);\"><ul>\n<li><em>Value-based healthcare for Outcomes In breast and lung Cancer in Europe\u00a0<\/em><\/li>\n<li>To assess the implementation process, the effectiveness of clinical practice and its impact on costs grouped by process for an intervention-based measurement of outcome values for patients with breast or lung cancer.<\/li>\n<\/ul>\n<\/div><div style=\"text-align:center;\"><a class=\"fusion-button button-flat fusion-button-default-size button-custom fusion-button-default button-1 fusion-button-default-span fusion-button-default-type fusion-has-button-gradient\" style=\"--button_accent_color:var(--awb-custom16);--button_border_color:var(--awb-custom16);--button_accent_hover_color:var(--awb-color8);--button_border_hover_color:var(--awb-color8);--button_gradient_top_color:rgba(255,255,255,0);--button_gradient_bottom_color:rgba(65,84,255,0);--button_gradient_top_color_hover:rgba(32,55,100,0);--button_gradient_bottom_color_hover:rgba(255,255,255,0);--button_text_transform:none;--button_font_size:18px;\" target=\"_blank\" rel=\"noopener noreferrer\" href=\"https:\/\/www.bio-sistemak.eus\/en\/european-community-voice\/\"><span class=\"fusion-button-text awb-button__text awb-button__text--default\">More information<\/span><\/a><\/div><\/div><\/div><div class=\"fusion-layout-column fusion_builder_column fusion-builder-column-1 fusion_builder_column_1_3 1_3 fusion-flex-column\" style=\"--awb-padding-top:30px;--awb-padding-right:30px;--awb-padding-bottom:20px;--awb-padding-left:30px;--awb-bg-color:var(--awb-color2);--awb-bg-color-hover:var(--awb-color2);--awb-bg-size:cover;--awb-width-large:33.333333333333%;--awb-margin-top-large:0px;--awb-spacing-right-large:5.76%;--awb-margin-bottom-large:20px;--awb-spacing-left-large:5.76%;--awb-width-medium:33.333333333333%;--awb-spacing-right-medium:5.76%;--awb-spacing-left-medium:5.76%;--awb-width-small:100%;--awb-spacing-right-small:1.92%;--awb-spacing-left-small:1.92%;\"><div class=\"fusion-column-wrapper fusion-flex-justify-content-flex-start fusion-content-layout-column\"><div class=\"fusion-image-element \" style=\"--awb-caption-title-font-family:var(--h2_typography-font-family);--awb-caption-title-font-weight:var(--h2_typography-font-weight);--awb-caption-title-font-style:var(--h2_typography-font-style);--awb-caption-title-size:var(--h2_typography-font-size);--awb-caption-title-transform:var(--h2_typography-text-transform);--awb-caption-title-line-height:var(--h2_typography-line-height);--awb-caption-title-letter-spacing:var(--h2_typography-letter-spacing);\"><span class=\" fusion-imageframe imageframe-none imageframe-2 hover-type-none\"><img decoding=\"async\" width=\"523\" height=\"173\" title=\"logo-comunidad-eiimprove\" src=\"http:\/\/www.bio-sistemak.eus\/wp-content\/uploads\/2020\/07\/logo-comunidad-eiimprove.png\" alt class=\"img-responsive wp-image-9865\" srcset=\"https:\/\/www.bio-sistemak.eus\/wp-content\/uploads\/2020\/07\/logo-comunidad-eiimprove-200x66.png 200w, https:\/\/www.bio-sistemak.eus\/wp-content\/uploads\/2020\/07\/logo-comunidad-eiimprove-400x132.png 400w, https:\/\/www.bio-sistemak.eus\/wp-content\/uploads\/2020\/07\/logo-comunidad-eiimprove.png 523w\" sizes=\"(max-width: 640px) 100vw, 400px\" \/><\/span><\/div><div class=\"fusion-title title fusion-title-2 fusion-sep-none fusion-title-center fusion-title-text fusion-title-size-three\" style=\"--awb-text-color:var(--awb-color8);--awb-margin-top-small:10px;--awb-margin-right-small:0px;--awb-margin-bottom-small:10px;--awb-margin-left-small:0px;\"><h3 class=\"fusion-title-heading title-heading-center fusion-responsive-typography-calculated\" style=\"margin:0;--fontSize:32;line-height:1.09;\">EIIMPROVE<\/h3><\/div><div class=\"fusion-text fusion-text-2\" style=\"--awb-text-color:var(--awb-color4);\"><ul>\n<li>Value-based healthcare for Inflammatory Bowel Disease<\/li>\n<li>Benchmarking of health outcomes to improve care of patients with inflammatory bowel disease.<\/li>\n<\/ul>\n<\/div><div style=\"text-align:center;\"><a class=\"fusion-button button-flat fusion-button-default-size button-custom fusion-button-default button-2 fusion-button-default-span fusion-button-default-type fusion-has-button-gradient\" style=\"--button_accent_color:var(--awb-custom16);--button_border_color:var(--awb-custom16);--button_accent_hover_color:var(--awb-color8);--button_border_hover_color:var(--awb-color8);--button_gradient_top_color:rgba(255,255,255,0);--button_gradient_bottom_color:rgba(65,84,255,0);--button_gradient_top_color_hover:rgba(32,55,100,0);--button_gradient_bottom_color_hover:rgba(255,255,255,0);--button_text_transform:none;--button_font_size:18px;\" target=\"_blank\" rel=\"noopener noreferrer\" href=\"https:\/\/www.bio-sistemak.eus\/en\/comunidad-eiimprove\/\"><span class=\"fusion-button-text awb-button__text awb-button__text--default\">More information<\/span><\/a><\/div><\/div><\/div><div class=\"fusion-layout-column fusion_builder_column fusion-builder-column-2 fusion_builder_column_1_3 1_3 fusion-flex-column\" style=\"--awb-padding-top:30px;--awb-padding-right:30px;--awb-padding-bottom:20px;--awb-padding-left:30px;--awb-bg-color:var(--awb-color2);--awb-bg-color-hover:var(--awb-color2);--awb-bg-size:cover;--awb-width-large:33.333333333333%;--awb-margin-top-large:0px;--awb-spacing-right-large:5.76%;--awb-margin-bottom-large:20px;--awb-spacing-left-large:5.76%;--awb-width-medium:33.333333333333%;--awb-spacing-right-medium:5.76%;--awb-spacing-left-medium:5.76%;--awb-width-small:100%;--awb-spacing-right-small:1.92%;--awb-spacing-left-small:1.92%;\"><div class=\"fusion-column-wrapper fusion-flex-justify-content-flex-start fusion-content-layout-column\"><div class=\"fusion-image-element \" style=\"text-align:center;--awb-max-width:100px;--awb-caption-title-font-family:var(--h2_typography-font-family);--awb-caption-title-font-weight:var(--h2_typography-font-weight);--awb-caption-title-font-style:var(--h2_typography-font-style);--awb-caption-title-size:var(--h2_typography-font-size);--awb-caption-title-transform:var(--h2_typography-text-transform);--awb-caption-title-line-height:var(--h2_typography-line-height);--awb-caption-title-letter-spacing:var(--h2_typography-letter-spacing);\"><span class=\" fusion-imageframe imageframe-none imageframe-3 hover-type-none\"><img decoding=\"async\" width=\"574\" height=\"581\" title=\"EstudioSobrepesoObesidad-logo\" src=\"http:\/\/www.bio-sistemak.eus\/wp-content\/uploads\/2026\/01\/EstudioSobrepesoObesidad-logo.png\" alt class=\"img-responsive wp-image-19600\" srcset=\"https:\/\/www.bio-sistemak.eus\/wp-content\/uploads\/2026\/01\/EstudioSobrepesoObesidad-logo-200x202.png 200w, https:\/\/www.bio-sistemak.eus\/wp-content\/uploads\/2026\/01\/EstudioSobrepesoObesidad-logo-400x405.png 400w, https:\/\/www.bio-sistemak.eus\/wp-content\/uploads\/2026\/01\/EstudioSobrepesoObesidad-logo.png 574w\" sizes=\"(max-width: 640px) 100vw, 400px\" \/><\/span><\/div><div class=\"fusion-title title fusion-title-3 fusion-sep-none fusion-title-center fusion-title-text fusion-title-size-three\" style=\"--awb-text-color:var(--awb-color8);--awb-margin-top-small:10px;--awb-margin-right-small:0px;--awb-margin-bottom-small:10px;--awb-margin-left-small:0px;\"><h3 class=\"fusion-title-heading title-heading-center fusion-responsive-typography-calculated\" style=\"margin:0;--fontSize:32;line-height:1.09;\">STUDY OF OVERWEIGHT AND OBESITY<\/h3><\/div><div class=\"fusion-text fusion-text-3\" style=\"--awb-text-color:var(--awb-color4);\"><ul>\n<li>Study of overweight and obesity in the Basque Country: associated factors, health impact and prevention.<\/li>\n<li>To study the determinants and complications associated with overweight and obesity in the CAE.<\/li>\n<\/ul>\n<\/div><div style=\"text-align:center;\"><a class=\"fusion-button button-flat fusion-button-default-size button-custom fusion-button-default button-3 fusion-button-default-span fusion-button-default-type fusion-has-button-gradient\" style=\"--button_accent_color:var(--awb-custom16);--button_border_color:var(--awb-custom16);--button_accent_hover_color:var(--awb-color8);--button_border_hover_color:var(--awb-color8);--button_gradient_top_color:rgba(255,255,255,0);--button_gradient_bottom_color:rgba(65,84,255,0);--button_gradient_top_color_hover:rgba(32,55,100,0);--button_gradient_bottom_color_hover:rgba(255,255,255,0);--button_text_transform:none;--button_font_size:18px;\" target=\"_blank\" rel=\"noopener noreferrer\" href=\"https:\/\/www.bio-sistemak.eus\/en\/study-of-overweight-and-obesity\/\"><span class=\"fusion-button-text awb-button__text awb-button__text--default\">More information<\/span><\/a><\/div><\/div><\/div><\/div><\/div>\n","protected":false},"excerpt":{"rendered":"","protected":false},"author":18,"featured_media":0,"parent":0,"menu_order":0,"comment_status":"closed","ping_status":"closed","template":"100-width.php","meta":{"footnotes":""},"class_list":["post-9877","page","type-page","status-publish","hentry"],"yoast_head":"<!-- This site is optimized with the Yoast SEO plugin v27.5 - https:\/\/yoast.com\/product\/yoast-seo-wordpress\/ -->\n<title>Colaboraci\u00f3n con otros agentes de la RVCTI - Kronikgune (Basque Country)<\/title>\n<meta name=\"description\" content=\"informaci\u00f3n sobre los proyectos e iniciativas en la que Kronikgune est\u00e1 colaborando dentro de la RVCTI (Red Vasca de Ciencia, Tecnolog\u00eda e Innovaci\u00f3n)\" \/>\n<meta name=\"robots\" content=\"index, follow, max-snippet:-1, max-image-preview:large, max-video-preview:-1\" \/>\n<link rel=\"canonical\" href=\"https:\/\/www.bio-sistemak.eus\/en\/other-projects\/\" \/>\n<meta property=\"og:locale\" content=\"en_US\" \/>\n<meta property=\"og:type\" content=\"article\" \/>\n<meta property=\"og:title\" content=\"Colaboraci\u00f3n con otros agentes de la RVCTI - Kronikgune (Basque Country)\" \/>\n<meta property=\"og:description\" content=\"informaci\u00f3n sobre los proyectos e iniciativas en la que Kronikgune est\u00e1 colaborando dentro de la RVCTI (Red Vasca de Ciencia, Tecnolog\u00eda e Innovaci\u00f3n)\" \/>\n<meta property=\"og:url\" content=\"https:\/\/www.bio-sistemak.eus\/en\/other-projects\/\" \/>\n<meta property=\"og:site_name\" content=\"Kronikgune\" \/>\n<meta property=\"article:modified_time\" content=\"2026-01-29T08:24:50+00:00\" \/>\n<meta property=\"og:image\" content=\"https:\/\/www.bio-sistemak.eus\/wp-content\/uploads\/2025\/12\/biosistemak-logoyoast.png\" \/>\n\t<meta property=\"og:image:width\" content=\"200\" \/>\n\t<meta property=\"og:image:height\" content=\"100\" \/>\n\t<meta property=\"og:image:type\" content=\"image\/png\" \/>\n<meta name=\"twitter:card\" content=\"summary_large_image\" \/>\n<meta name=\"twitter:label1\" content=\"Est. reading time\" \/>\n\t<meta name=\"twitter:data1\" content=\"2 minutes\" \/>\n<script type=\"application\/ld+json\" class=\"yoast-schema-graph\">{\"@context\":\"https:\\\/\\\/schema.org\",\"@graph\":[{\"@type\":\"WebPage\",\"@id\":\"https:\\\/\\\/www.bio-sistemak.eus\\\/en\\\/other-projects\\\/\",\"url\":\"https:\\\/\\\/www.bio-sistemak.eus\\\/en\\\/other-projects\\\/\",\"name\":\"Colaboraci\u00f3n con otros agentes de la RVCTI - Kronikgune (Basque Country)\",\"isPartOf\":{\"@id\":\"http:\\\/\\\/www.bio-sistemak.eus\\\/#website\"},\"datePublished\":\"2020-07-28T09:52:02+00:00\",\"dateModified\":\"2026-01-29T08:24:50+00:00\",\"description\":\"informaci\u00f3n sobre los proyectos e iniciativas en la que Kronikgune est\u00e1 colaborando dentro de la RVCTI (Red Vasca de Ciencia, Tecnolog\u00eda e Innovaci\u00f3n)\",\"breadcrumb\":{\"@id\":\"https:\\\/\\\/www.bio-sistemak.eus\\\/en\\\/other-projects\\\/#breadcrumb\"},\"inLanguage\":\"en\",\"potentialAction\":[{\"@type\":\"ReadAction\",\"target\":[\"https:\\\/\\\/www.bio-sistemak.eus\\\/en\\\/other-projects\\\/\"]}]},{\"@type\":\"BreadcrumbList\",\"@id\":\"https:\\\/\\\/www.bio-sistemak.eus\\\/en\\\/other-projects\\\/#breadcrumb\",\"itemListElement\":[{\"@type\":\"ListItem\",\"position\":1,\"name\":\"Home\",\"item\":\"https:\\\/\\\/www.bio-sistemak.eus\\\/en\\\/\"},{\"@type\":\"ListItem\",\"position\":2,\"name\":\"Other projects\"}]},{\"@type\":\"WebSite\",\"@id\":\"http:\\\/\\\/www.bio-sistemak.eus\\\/#website\",\"url\":\"http:\\\/\\\/www.bio-sistemak.eus\\\/\",\"name\":\"Biosistemak\",\"description\":\"Plaza Asua, n\u00ba1 48150 Sondika (Vizcaya) e-mail: nuno@kronikgune.org  | Tel\u00e9fonos: +34 94 453 85 00 (ext.210)  +34 94 453 68 96  Fax: +34 94 453 04 65\",\"publisher\":{\"@id\":\"http:\\\/\\\/www.bio-sistemak.eus\\\/#organization\"},\"alternateName\":\"https:\\\/\\\/www.bio-sistemak.eus\\\/\",\"potentialAction\":[{\"@type\":\"SearchAction\",\"target\":{\"@type\":\"EntryPoint\",\"urlTemplate\":\"http:\\\/\\\/www.bio-sistemak.eus\\\/?s={search_term_string}\"},\"query-input\":{\"@type\":\"PropertyValueSpecification\",\"valueRequired\":true,\"valueName\":\"search_term_string\"}}],\"inLanguage\":\"en\"},{\"@type\":\"Organization\",\"@id\":\"http:\\\/\\\/www.bio-sistemak.eus\\\/#organization\",\"name\":\"Biosistemak\",\"alternateName\":\"https:\\\/\\\/www.bio-sistemak.eus\\\/\",\"url\":\"http:\\\/\\\/www.bio-sistemak.eus\\\/\",\"logo\":{\"@type\":\"ImageObject\",\"inLanguage\":\"en\",\"@id\":\"http:\\\/\\\/www.bio-sistemak.eus\\\/#\\\/schema\\\/logo\\\/image\\\/\",\"url\":\"https:\\\/\\\/www.bio-sistemak.eus\\\/wp-content\\\/uploads\\\/2025\\\/12\\\/biosistemak-logyoast.png\",\"contentUrl\":\"https:\\\/\\\/www.bio-sistemak.eus\\\/wp-content\\\/uploads\\\/2025\\\/12\\\/biosistemak-logyoast.png\",\"width\":100,\"height\":100,\"caption\":\"Biosistemak\"},\"image\":{\"@id\":\"http:\\\/\\\/www.bio-sistemak.eus\\\/#\\\/schema\\\/logo\\\/image\\\/\"}}]}<\/script>\n<!-- \/ Yoast SEO plugin. -->","yoast_head_json":{"title":"Colaboraci\u00f3n con otros agentes de la RVCTI - Kronikgune (Basque Country)","description":"informaci\u00f3n sobre los proyectos e iniciativas en la que Kronikgune est\u00e1 colaborando dentro de la RVCTI (Red Vasca de Ciencia, Tecnolog\u00eda e Innovaci\u00f3n)","robots":{"index":"index","follow":"follow","max-snippet":"max-snippet:-1","max-image-preview":"max-image-preview:large","max-video-preview":"max-video-preview:-1"},"canonical":"https:\/\/www.bio-sistemak.eus\/en\/other-projects\/","og_locale":"en_US","og_type":"article","og_title":"Colaboraci\u00f3n con otros agentes de la RVCTI - Kronikgune (Basque Country)","og_description":"informaci\u00f3n sobre los proyectos e iniciativas en la que Kronikgune est\u00e1 colaborando dentro de la RVCTI (Red Vasca de Ciencia, Tecnolog\u00eda e Innovaci\u00f3n)","og_url":"https:\/\/www.bio-sistemak.eus\/en\/other-projects\/","og_site_name":"Kronikgune","article_modified_time":"2026-01-29T08:24:50+00:00","og_image":[{"width":200,"height":100,"url":"https:\/\/www.bio-sistemak.eus\/wp-content\/uploads\/2025\/12\/biosistemak-logoyoast.png","type":"image\/png"}],"twitter_card":"summary_large_image","twitter_misc":{"Est. reading time":"2 minutes"},"schema":{"@context":"https:\/\/schema.org","@graph":[{"@type":"WebPage","@id":"https:\/\/www.bio-sistemak.eus\/en\/other-projects\/","url":"https:\/\/www.bio-sistemak.eus\/en\/other-projects\/","name":"Colaboraci\u00f3n con otros agentes de la RVCTI - Kronikgune (Basque Country)","isPartOf":{"@id":"http:\/\/www.bio-sistemak.eus\/#website"},"datePublished":"2020-07-28T09:52:02+00:00","dateModified":"2026-01-29T08:24:50+00:00","description":"informaci\u00f3n sobre los proyectos e iniciativas en la que Kronikgune est\u00e1 colaborando dentro de la RVCTI (Red Vasca de Ciencia, Tecnolog\u00eda e Innovaci\u00f3n)","breadcrumb":{"@id":"https:\/\/www.bio-sistemak.eus\/en\/other-projects\/#breadcrumb"},"inLanguage":"en","potentialAction":[{"@type":"ReadAction","target":["https:\/\/www.bio-sistemak.eus\/en\/other-projects\/"]}]},{"@type":"BreadcrumbList","@id":"https:\/\/www.bio-sistemak.eus\/en\/other-projects\/#breadcrumb","itemListElement":[{"@type":"ListItem","position":1,"name":"Home","item":"https:\/\/www.bio-sistemak.eus\/en\/"},{"@type":"ListItem","position":2,"name":"Other projects"}]},{"@type":"WebSite","@id":"http:\/\/www.bio-sistemak.eus\/#website","url":"http:\/\/www.bio-sistemak.eus\/","name":"Biosistemak","description":"Plaza Asua, n\u00ba1 48150 Sondika (Vizcaya) e-mail: nuno@kronikgune.org  | Tel\u00e9fonos: +34 94 453 85 00 (ext.210)  +34 94 453 68 96  Fax: +34 94 453 04 65","publisher":{"@id":"http:\/\/www.bio-sistemak.eus\/#organization"},"alternateName":"https:\/\/www.bio-sistemak.eus\/","potentialAction":[{"@type":"SearchAction","target":{"@type":"EntryPoint","urlTemplate":"http:\/\/www.bio-sistemak.eus\/?s={search_term_string}"},"query-input":{"@type":"PropertyValueSpecification","valueRequired":true,"valueName":"search_term_string"}}],"inLanguage":"en"},{"@type":"Organization","@id":"http:\/\/www.bio-sistemak.eus\/#organization","name":"Biosistemak","alternateName":"https:\/\/www.bio-sistemak.eus\/","url":"http:\/\/www.bio-sistemak.eus\/","logo":{"@type":"ImageObject","inLanguage":"en","@id":"http:\/\/www.bio-sistemak.eus\/#\/schema\/logo\/image\/","url":"https:\/\/www.bio-sistemak.eus\/wp-content\/uploads\/2025\/12\/biosistemak-logyoast.png","contentUrl":"https:\/\/www.bio-sistemak.eus\/wp-content\/uploads\/2025\/12\/biosistemak-logyoast.png","width":100,"height":100,"caption":"Biosistemak"},"image":{"@id":"http:\/\/www.bio-sistemak.eus\/#\/schema\/logo\/image\/"}}]}},"_links":{"self":[{"href":"https:\/\/www.bio-sistemak.eus\/en\/wp-json\/wp\/v2\/pages\/9877","targetHints":{"allow":["GET"]}}],"collection":[{"href":"https:\/\/www.bio-sistemak.eus\/en\/wp-json\/wp\/v2\/pages"}],"about":[{"href":"https:\/\/www.bio-sistemak.eus\/en\/wp-json\/wp\/v2\/types\/page"}],"author":[{"embeddable":true,"href":"https:\/\/www.bio-sistemak.eus\/en\/wp-json\/wp\/v2\/users\/18"}],"replies":[{"embeddable":true,"href":"https:\/\/www.bio-sistemak.eus\/en\/wp-json\/wp\/v2\/comments?post=9877"}],"version-history":[{"count":6,"href":"https:\/\/www.bio-sistemak.eus\/en\/wp-json\/wp\/v2\/pages\/9877\/revisions"}],"predecessor-version":[{"id":19611,"href":"https:\/\/www.bio-sistemak.eus\/en\/wp-json\/wp\/v2\/pages\/9877\/revisions\/19611"}],"wp:attachment":[{"href":"https:\/\/www.bio-sistemak.eus\/en\/wp-json\/wp\/v2\/media?parent=9877"}],"curies":[{"name":"wp","href":"https:\/\/api.w.org\/{rel}","templated":true}]}}