{"id":20183,"date":"2026-04-22T11:20:09","date_gmt":"2026-04-22T09:20:09","guid":{"rendered":"https:\/\/www.bio-sistemak.eus\/2025111088-2\/"},"modified":"2026-04-22T11:38:34","modified_gmt":"2026-04-22T09:38:34","slug":"2025111088-2","status":"publish","type":"page","link":"https:\/\/www.bio-sistemak.eus\/en\/2025111088-2\/","title":{"rendered":"2025111088"},"content":{"rendered":"<div class=\"fusion-fullwidth fullwidth-box fusion-builder-row-1 fusion-flex-container nonhundred-percent-fullwidth non-hundred-percent-height-scrolling\" style=\"--awb-border-radius-top-left:0px;--awb-border-radius-top-right:0px;--awb-border-radius-bottom-right:0px;--awb-border-radius-bottom-left:0px;--awb-flex-wrap:wrap;\" ><div class=\"fusion-builder-row fusion-row fusion-flex-align-items-flex-start fusion-flex-content-wrap\" style=\"max-width:calc( 1350px + 0px );margin-left: calc(-0px \/ 2 );margin-right: calc(-0px \/ 2 );\"><div class=\"fusion-layout-column fusion_builder_column fusion-builder-column-0 fusion_builder_column_1_1 1_1 fusion-flex-column\" style=\"--awb-bg-blend:overlay;--awb-bg-size:cover;--awb-width-large:100%;--awb-margin-top-large:0px;--awb-spacing-right-large:0px;--awb-margin-bottom-large:0px;--awb-spacing-left-large:0px;--awb-width-medium:100%;--awb-spacing-right-medium:0px;--awb-spacing-left-medium:0px;--awb-width-small:100%;--awb-spacing-right-small:0px;--awb-spacing-left-small:0px;\"><div class=\"fusion-column-wrapper fusion-flex-justify-content-flex-start fusion-content-layout-column\"><div class=\"fusion-reading-box-container reading-box-container-1\" style=\"--awb-title-color:#333333;--awb-margin-top:0px;--awb-margin-bottom:20px;\"><div class=\"reading-box\" style=\"background-color:var(--awb-color2);border-width:1px;border-color:rgba(226,226,226,0);border-left-width:3px;border-left-color:var(--primary_color);border-style:solid;\"><h2>SepsisIA: Implementation and external validation of an innovative AI-based early warning system for sepsis<\/h2><div class=\"reading-box-additional fusion-reading-box-additional\">\n<p style=\"text-align: justify;\"><span style=\"color: #241773;\"><strong><a href=\"https:\/\/www.bio-sistemak.eus\/wp-content\/uploads\/2020\/06\/logo-departamento-salud-gobierno-vasco.jpg\"><img decoding=\"async\" class=\"wp-image-9762 alignright\" src=\"https:\/\/www.bio-sistemak.eus\/wp-content\/uploads\/2020\/06\/logo-departamento-salud-gobierno-vasco.jpg\" alt=\"\" width=\"190\" height=\"210\" srcset=\"https:\/\/www.bio-sistemak.eus\/wp-content\/uploads\/2020\/06\/logo-departamento-salud-gobierno-vasco-200x221.jpg 200w, https:\/\/www.bio-sistemak.eus\/wp-content\/uploads\/2020\/06\/logo-departamento-salud-gobierno-vasco-272x300.jpg 272w, https:\/\/www.bio-sistemak.eus\/wp-content\/uploads\/2020\/06\/logo-departamento-salud-gobierno-vasco-400x442.jpg 400w, https:\/\/www.bio-sistemak.eus\/wp-content\/uploads\/2020\/06\/logo-departamento-salud-gobierno-vasco-600x662.jpg 600w, https:\/\/www.bio-sistemak.eus\/wp-content\/uploads\/2020\/06\/logo-departamento-salud-gobierno-vasco.jpg 750w\" sizes=\"(max-width: 190px) 100vw, 190px\" \/><\/a>Project call:<\/strong> <\/span>Grants for Health Research and Development Projects. Basque Government Department of Health. Call 2025<\/p>\n<p style=\"text-align: justify;\"><span style=\"color: #241773;\"><strong>Funding body:<\/strong><\/span> Department of Health, Basque Government<\/p>\n<p style=\"text-align: justify;\"><span style=\"color: #241773;\"><strong>File number:<\/strong><\/span> 2025111088<\/p>\n<p style=\"text-align: justify;\"><span style=\"color: #241773;\"><strong>Principal Investigator: <\/strong><\/span> Urko Aguirre Larrakoetxea<\/p>\n<p style=\"text-align: justify;\"><span style=\"color: #241773;\"><strong>Funding awarded: <\/strong><\/span>\u20ac61,261.24<\/p>\n<p style=\"text-align: justify;\"><span style=\"color: #241773;\"><strong>Description: <\/strong><\/span>To develop and implement an advanced research and clinical support infrastructure based on artificial intelligence for the early detection and management of sepsis in the emergency departments of the Basque Health System, using real-time electronic health record data, integrated into Osakidetza\u2019s care protocols and aimed at improving clinical outcomes, reducing complications and optimising healthcare organisation in accordance with the principles of responsible AI.<\/p>\n<p style=\"text-align: justify;\"><span style=\"color: #241773;\"><strong>Objetive:<\/strong><\/span><br \/>\n1.- Desarrollar un sistema estructurado de rean\u00e1lisis gen\u00e9tico para mejorar el diagn\u00f3stico temprano y preciso de las enfermedades raras, abordando la interpretaci\u00f3n de variantes de significado incierto.<br \/>\n2.- Integrar datos gen\u00e9ticos y cl\u00ednicos fenot\u00edpicos, junto con pruebas funcionales y otras evidencias complementarias, para aumentar la robustez y fiabilidad de la interpretaci\u00f3n diagn\u00f3stica.<br \/>\n3.- Reducir la incertidumbre cl\u00ednica y mejorar la toma de decisiones, el asesoramiento gen\u00e9tico y la calidad asistencial mediante la aplicaci\u00f3n del rean\u00e1lisis en casos reales.<br \/>\n4.- Establecer un proceso continuo y sostenible de actualizaci\u00f3n diagn\u00f3stica, alineado con los circuitos asistenciales y con los principios \u00e9ticos y regulatorios del Sistema Vasco de Salud.<\/p>\n<p style=\"text-align: justify;\"><span style=\"color: #241773;\"><strong>Expected results:<br \/>\n<\/strong><\/span><span style=\"background-color: var(--awb-color2);\">&#8211; Development and validation of an AI-based early warning system for the early diagnosis and clinical management of sepsis, integrated into clinical practice and Osakidetza\u2019s electronic health records.<br \/>\n&#8211; Improvement in patient health and safety through early detection, reduction in morbidity and mortality, readmissions and prolonged ICU stays, as well as the optimisation of resources in A&amp;E, laboratory and intensive care.<br \/>\n&#8211; Generation of transferable scientific results, with publications in international journals, open-access dissemination and potential exploitation of the predictive models and digital solutions developed.<br \/>\n&#8211; Contribution to the development of an innovative, scalable service aligned with the principles of responsible AI, with a positive organisational and economic impact on the Basque Health System.<br \/>\n&#8211; Strengthening of the Basque innovation system through interdisciplinary collaboration and the international positioning of the Basque Country in artificial intelligence applied to sepsis and critical care.<br \/>\n<\/span><\/p>\n<\/div><div class=\"fusion-clearfix\"><\/div><\/div><\/div><\/div><\/div><\/div><\/div>\n","protected":false},"excerpt":{"rendered":"","protected":false},"author":17,"featured_media":0,"parent":0,"menu_order":0,"comment_status":"closed","ping_status":"closed","template":"","meta":{"footnotes":""},"class_list":["post-20183","page","type-page","status-publish","hentry"],"yoast_head":"<!-- This site is optimized with the Yoast SEO plugin v27.5 - https:\/\/yoast.com\/product\/yoast-seo-wordpress\/ -->\n<title>2025111088 | Kronikgune<\/title>\n<meta name=\"robots\" content=\"index, follow, max-snippet:-1, max-image-preview:large, max-video-preview:-1\" \/>\n<link rel=\"canonical\" href=\"https:\/\/www.bio-sistemak.eus\/en\/2025111088-2\/\" \/>\n<meta property=\"og:locale\" content=\"en_US\" \/>\n<meta property=\"og:type\" content=\"article\" \/>\n<meta property=\"og:title\" content=\"2025111088 | Kronikgune\" \/>\n<meta property=\"og:url\" content=\"https:\/\/www.bio-sistemak.eus\/en\/2025111088-2\/\" \/>\n<meta property=\"og:site_name\" content=\"Kronikgune\" \/>\n<meta property=\"article:modified_time\" content=\"2026-04-22T09:38:34+00:00\" \/>\n<meta property=\"og:image\" content=\"https:\/\/www.bio-sistemak.eus\/wp-content\/uploads\/2020\/06\/logo-departamento-salud-gobierno-vasco.jpg\" \/>\n<meta name=\"twitter:card\" content=\"summary_large_image\" \/>\n<meta name=\"twitter:label1\" content=\"Est. reading time\" \/>\n\t<meta name=\"twitter:data1\" content=\"2 minutes\" \/>\n<script type=\"application\/ld+json\" class=\"yoast-schema-graph\">{\"@context\":\"https:\\\/\\\/schema.org\",\"@graph\":[{\"@type\":\"WebPage\",\"@id\":\"https:\\\/\\\/www.bio-sistemak.eus\\\/en\\\/2025111088-2\\\/\",\"url\":\"https:\\\/\\\/www.bio-sistemak.eus\\\/en\\\/2025111088-2\\\/\",\"name\":\"2025111088 | Kronikgune\",\"isPartOf\":{\"@id\":\"http:\\\/\\\/www.bio-sistemak.eus\\\/#website\"},\"primaryImageOfPage\":{\"@id\":\"https:\\\/\\\/www.bio-sistemak.eus\\\/en\\\/2025111088-2\\\/#primaryimage\"},\"image\":{\"@id\":\"https:\\\/\\\/www.bio-sistemak.eus\\\/en\\\/2025111088-2\\\/#primaryimage\"},\"thumbnailUrl\":\"https:\\\/\\\/www.bio-sistemak.eus\\\/wp-content\\\/uploads\\\/2020\\\/06\\\/logo-departamento-salud-gobierno-vasco.jpg\",\"datePublished\":\"2026-04-22T09:20:09+00:00\",\"dateModified\":\"2026-04-22T09:38:34+00:00\",\"breadcrumb\":{\"@id\":\"https:\\\/\\\/www.bio-sistemak.eus\\\/en\\\/2025111088-2\\\/#breadcrumb\"},\"inLanguage\":\"en\",\"potentialAction\":[{\"@type\":\"ReadAction\",\"target\":[\"https:\\\/\\\/www.bio-sistemak.eus\\\/en\\\/2025111088-2\\\/\"]}]},{\"@type\":\"ImageObject\",\"inLanguage\":\"en\",\"@id\":\"https:\\\/\\\/www.bio-sistemak.eus\\\/en\\\/2025111088-2\\\/#primaryimage\",\"url\":\"https:\\\/\\\/www.bio-sistemak.eus\\\/wp-content\\\/uploads\\\/2020\\\/06\\\/logo-departamento-salud-gobierno-vasco.jpg\",\"contentUrl\":\"https:\\\/\\\/www.bio-sistemak.eus\\\/wp-content\\\/uploads\\\/2020\\\/06\\\/logo-departamento-salud-gobierno-vasco.jpg\"},{\"@type\":\"BreadcrumbList\",\"@id\":\"https:\\\/\\\/www.bio-sistemak.eus\\\/en\\\/2025111088-2\\\/#breadcrumb\",\"itemListElement\":[{\"@type\":\"ListItem\",\"position\":1,\"name\":\"Home\",\"item\":\"https:\\\/\\\/www.bio-sistemak.eus\\\/en\\\/\"},{\"@type\":\"ListItem\",\"position\":2,\"name\":\"2025111088\"}]},{\"@type\":\"WebSite\",\"@id\":\"http:\\\/\\\/www.bio-sistemak.eus\\\/#website\",\"url\":\"http:\\\/\\\/www.bio-sistemak.eus\\\/\",\"name\":\"Biosistemak\",\"description\":\"Plaza Asua, n\u00ba1 48150 Sondika (Vizcaya) e-mail: nuno@kronikgune.org  | Tel\u00e9fonos: +34 94 453 85 00 (ext.210)  +34 94 453 68 96  Fax: +34 94 453 04 65\",\"publisher\":{\"@id\":\"http:\\\/\\\/www.bio-sistemak.eus\\\/#organization\"},\"alternateName\":\"https:\\\/\\\/www.bio-sistemak.eus\\\/\",\"potentialAction\":[{\"@type\":\"SearchAction\",\"target\":{\"@type\":\"EntryPoint\",\"urlTemplate\":\"http:\\\/\\\/www.bio-sistemak.eus\\\/?s={search_term_string}\"},\"query-input\":{\"@type\":\"PropertyValueSpecification\",\"valueRequired\":true,\"valueName\":\"search_term_string\"}}],\"inLanguage\":\"en\"},{\"@type\":\"Organization\",\"@id\":\"http:\\\/\\\/www.bio-sistemak.eus\\\/#organization\",\"name\":\"Biosistemak\",\"alternateName\":\"https:\\\/\\\/www.bio-sistemak.eus\\\/\",\"url\":\"http:\\\/\\\/www.bio-sistemak.eus\\\/\",\"logo\":{\"@type\":\"ImageObject\",\"inLanguage\":\"en\",\"@id\":\"http:\\\/\\\/www.bio-sistemak.eus\\\/#\\\/schema\\\/logo\\\/image\\\/\",\"url\":\"https:\\\/\\\/www.bio-sistemak.eus\\\/wp-content\\\/uploads\\\/2025\\\/12\\\/biosistemak-logyoast.png\",\"contentUrl\":\"https:\\\/\\\/www.bio-sistemak.eus\\\/wp-content\\\/uploads\\\/2025\\\/12\\\/biosistemak-logyoast.png\",\"width\":100,\"height\":100,\"caption\":\"Biosistemak\"},\"image\":{\"@id\":\"http:\\\/\\\/www.bio-sistemak.eus\\\/#\\\/schema\\\/logo\\\/image\\\/\"}}]}<\/script>\n<!-- \/ Yoast SEO plugin. -->","yoast_head_json":{"title":"2025111088 | Kronikgune","robots":{"index":"index","follow":"follow","max-snippet":"max-snippet:-1","max-image-preview":"max-image-preview:large","max-video-preview":"max-video-preview:-1"},"canonical":"https:\/\/www.bio-sistemak.eus\/en\/2025111088-2\/","og_locale":"en_US","og_type":"article","og_title":"2025111088 | Kronikgune","og_url":"https:\/\/www.bio-sistemak.eus\/en\/2025111088-2\/","og_site_name":"Kronikgune","article_modified_time":"2026-04-22T09:38:34+00:00","og_image":[{"url":"https:\/\/www.bio-sistemak.eus\/wp-content\/uploads\/2020\/06\/logo-departamento-salud-gobierno-vasco.jpg","type":"","width":"","height":""}],"twitter_card":"summary_large_image","twitter_misc":{"Est. reading time":"2 minutes"},"schema":{"@context":"https:\/\/schema.org","@graph":[{"@type":"WebPage","@id":"https:\/\/www.bio-sistemak.eus\/en\/2025111088-2\/","url":"https:\/\/www.bio-sistemak.eus\/en\/2025111088-2\/","name":"2025111088 | Kronikgune","isPartOf":{"@id":"http:\/\/www.bio-sistemak.eus\/#website"},"primaryImageOfPage":{"@id":"https:\/\/www.bio-sistemak.eus\/en\/2025111088-2\/#primaryimage"},"image":{"@id":"https:\/\/www.bio-sistemak.eus\/en\/2025111088-2\/#primaryimage"},"thumbnailUrl":"https:\/\/www.bio-sistemak.eus\/wp-content\/uploads\/2020\/06\/logo-departamento-salud-gobierno-vasco.jpg","datePublished":"2026-04-22T09:20:09+00:00","dateModified":"2026-04-22T09:38:34+00:00","breadcrumb":{"@id":"https:\/\/www.bio-sistemak.eus\/en\/2025111088-2\/#breadcrumb"},"inLanguage":"en","potentialAction":[{"@type":"ReadAction","target":["https:\/\/www.bio-sistemak.eus\/en\/2025111088-2\/"]}]},{"@type":"ImageObject","inLanguage":"en","@id":"https:\/\/www.bio-sistemak.eus\/en\/2025111088-2\/#primaryimage","url":"https:\/\/www.bio-sistemak.eus\/wp-content\/uploads\/2020\/06\/logo-departamento-salud-gobierno-vasco.jpg","contentUrl":"https:\/\/www.bio-sistemak.eus\/wp-content\/uploads\/2020\/06\/logo-departamento-salud-gobierno-vasco.jpg"},{"@type":"BreadcrumbList","@id":"https:\/\/www.bio-sistemak.eus\/en\/2025111088-2\/#breadcrumb","itemListElement":[{"@type":"ListItem","position":1,"name":"Home","item":"https:\/\/www.bio-sistemak.eus\/en\/"},{"@type":"ListItem","position":2,"name":"2025111088"}]},{"@type":"WebSite","@id":"http:\/\/www.bio-sistemak.eus\/#website","url":"http:\/\/www.bio-sistemak.eus\/","name":"Biosistemak","description":"Plaza Asua, n\u00ba1 48150 Sondika (Vizcaya) e-mail: nuno@kronikgune.org  | Tel\u00e9fonos: +34 94 453 85 00 (ext.210)  +34 94 453 68 96  Fax: +34 94 453 04 65","publisher":{"@id":"http:\/\/www.bio-sistemak.eus\/#organization"},"alternateName":"https:\/\/www.bio-sistemak.eus\/","potentialAction":[{"@type":"SearchAction","target":{"@type":"EntryPoint","urlTemplate":"http:\/\/www.bio-sistemak.eus\/?s={search_term_string}"},"query-input":{"@type":"PropertyValueSpecification","valueRequired":true,"valueName":"search_term_string"}}],"inLanguage":"en"},{"@type":"Organization","@id":"http:\/\/www.bio-sistemak.eus\/#organization","name":"Biosistemak","alternateName":"https:\/\/www.bio-sistemak.eus\/","url":"http:\/\/www.bio-sistemak.eus\/","logo":{"@type":"ImageObject","inLanguage":"en","@id":"http:\/\/www.bio-sistemak.eus\/#\/schema\/logo\/image\/","url":"https:\/\/www.bio-sistemak.eus\/wp-content\/uploads\/2025\/12\/biosistemak-logyoast.png","contentUrl":"https:\/\/www.bio-sistemak.eus\/wp-content\/uploads\/2025\/12\/biosistemak-logyoast.png","width":100,"height":100,"caption":"Biosistemak"},"image":{"@id":"http:\/\/www.bio-sistemak.eus\/#\/schema\/logo\/image\/"}}]}},"_links":{"self":[{"href":"https:\/\/www.bio-sistemak.eus\/en\/wp-json\/wp\/v2\/pages\/20183","targetHints":{"allow":["GET"]}}],"collection":[{"href":"https:\/\/www.bio-sistemak.eus\/en\/wp-json\/wp\/v2\/pages"}],"about":[{"href":"https:\/\/www.bio-sistemak.eus\/en\/wp-json\/wp\/v2\/types\/page"}],"author":[{"embeddable":true,"href":"https:\/\/www.bio-sistemak.eus\/en\/wp-json\/wp\/v2\/users\/17"}],"replies":[{"embeddable":true,"href":"https:\/\/www.bio-sistemak.eus\/en\/wp-json\/wp\/v2\/comments?post=20183"}],"version-history":[{"count":2,"href":"https:\/\/www.bio-sistemak.eus\/en\/wp-json\/wp\/v2\/pages\/20183\/revisions"}],"predecessor-version":[{"id":20192,"href":"https:\/\/www.bio-sistemak.eus\/en\/wp-json\/wp\/v2\/pages\/20183\/revisions\/20192"}],"wp:attachment":[{"href":"https:\/\/www.bio-sistemak.eus\/en\/wp-json\/wp\/v2\/media?parent=20183"}],"curies":[{"name":"wp","href":"https:\/\/api.w.org\/{rel}","templated":true}]}}